{"id":621,"date":"2019-04-17T10:04:40","date_gmt":"2019-04-17T10:04:40","guid":{"rendered":"https:\/\/academiaclassical.com.mx\/index.php\/about\/"},"modified":"2025-06-12T01:45:44","modified_gmt":"2025-06-12T01:45:44","slug":"sistema-de-ensenanza","status":"publish","type":"page","link":"https:\/\/academiaclassical.com.mx\/index.php\/sistema-de-ensenanza\/","title":{"rendered":"Sistema de ense\u00f1anza"},"content":{"rendered":"\t\t<div data-elementor-type=\"wp-post\" data-elementor-id=\"621\" class=\"elementor elementor-621\">\n\t\t\t\t\t\t<section class=\"elementor-section elementor-top-section elementor-element elementor-element-13a93292 elementor-section-boxed elementor-section-height-default elementor-section-height-default\" data-id=\"13a93292\" data-element_type=\"section\" data-e-type=\"section\" data-settings=\"{&quot;background_background&quot;:&quot;classic&quot;}\">\n\t\t\t\t\t\t\t<div class=\"elementor-background-overlay\"><\/div>\n\t\t\t\t\t\t\t<div class=\"elementor-container elementor-column-gap-default\">\n\t\t\t\t\t<div class=\"elementor-column elementor-col-100 elementor-top-column elementor-element elementor-element-25748b2d\" data-id=\"25748b2d\" data-element_type=\"column\" data-e-type=\"column\">\n\t\t\t<div class=\"elementor-widget-wrap elementor-element-populated\">\n\t\t\t\t\t\t<div class=\"elementor-element elementor-element-bf520da hfe-menu-item-center hfe-submenu-icon-arrow hfe-link-redirect-child elementor-widget elementor-widget-navigation-menu\" data-id=\"bf520da\" data-element_type=\"widget\" data-e-type=\"widget\" data-settings=\"{&quot;hamburger_menu_align&quot;:&quot;center&quot;,&quot;hamburger_align&quot;:&quot;center&quot;,&quot;dropdown_border_radius&quot;:{&quot;unit&quot;:&quot;px&quot;,&quot;top&quot;:&quot;&quot;,&quot;right&quot;:&quot;&quot;,&quot;bottom&quot;:&quot;&quot;,&quot;left&quot;:&quot;&quot;,&quot;isLinked&quot;:true},&quot;dropdown_border_radius_tablet&quot;:{&quot;unit&quot;:&quot;px&quot;,&quot;top&quot;:&quot;&quot;,&quot;right&quot;:&quot;&quot;,&quot;bottom&quot;:&quot;&quot;,&quot;left&quot;:&quot;&quot;,&quot;isLinked&quot;:true},&quot;dropdown_border_radius_mobile&quot;:{&quot;unit&quot;:&quot;px&quot;,&quot;top&quot;:&quot;&quot;,&quot;right&quot;:&quot;&quot;,&quot;bottom&quot;:&quot;&quot;,&quot;left&quot;:&quot;&quot;,&quot;isLinked&quot;:true},&quot;padding_horizontal_dropdown_item&quot;:{&quot;unit&quot;:&quot;px&quot;,&quot;size&quot;:&quot;&quot;,&quot;sizes&quot;:[]},&quot;padding_horizontal_dropdown_item_tablet&quot;:{&quot;unit&quot;:&quot;px&quot;,&quot;size&quot;:&quot;&quot;,&quot;sizes&quot;:[]},&quot;padding_horizontal_dropdown_item_mobile&quot;:{&quot;unit&quot;:&quot;px&quot;,&quot;size&quot;:&quot;&quot;,&quot;sizes&quot;:[]},&quot;padding_vertical_dropdown_item&quot;:{&quot;unit&quot;:&quot;px&quot;,&quot;size&quot;:15,&quot;sizes&quot;:[]},&quot;padding_vertical_dropdown_item_tablet&quot;:{&quot;unit&quot;:&quot;px&quot;,&quot;size&quot;:&quot;&quot;,&quot;sizes&quot;:[]},&quot;padding_vertical_dropdown_item_mobile&quot;:{&quot;unit&quot;:&quot;px&quot;,&quot;size&quot;:&quot;&quot;,&quot;sizes&quot;:[]},&quot;distance_from_menu&quot;:{&quot;unit&quot;:&quot;px&quot;,&quot;size&quot;:&quot;&quot;,&quot;sizes&quot;:[]},&quot;distance_from_menu_tablet&quot;:{&quot;unit&quot;:&quot;px&quot;,&quot;size&quot;:&quot;&quot;,&quot;sizes&quot;:[]},&quot;distance_from_menu_mobile&quot;:{&quot;unit&quot;:&quot;px&quot;,&quot;size&quot;:&quot;&quot;,&quot;sizes&quot;:[]},&quot;toggle_size&quot;:{&quot;unit&quot;:&quot;px&quot;,&quot;size&quot;:&quot;&quot;,&quot;sizes&quot;:[]},&quot;toggle_size_tablet&quot;:{&quot;unit&quot;:&quot;px&quot;,&quot;size&quot;:&quot;&quot;,&quot;sizes&quot;:[]},&quot;toggle_size_mobile&quot;:{&quot;unit&quot;:&quot;px&quot;,&quot;size&quot;:&quot;&quot;,&quot;sizes&quot;:[]},&quot;toggle_border_width&quot;:{&quot;unit&quot;:&quot;px&quot;,&quot;size&quot;:&quot;&quot;,&quot;sizes&quot;:[]},&quot;toggle_border_width_tablet&quot;:{&quot;unit&quot;:&quot;px&quot;,&quot;size&quot;:&quot;&quot;,&quot;sizes&quot;:[]},&quot;toggle_border_width_mobile&quot;:{&quot;unit&quot;:&quot;px&quot;,&quot;size&quot;:&quot;&quot;,&quot;sizes&quot;:[]},&quot;toggle_border_radius&quot;:{&quot;unit&quot;:&quot;px&quot;,&quot;size&quot;:&quot;&quot;,&quot;sizes&quot;:[]},&quot;toggle_border_radius_tablet&quot;:{&quot;unit&quot;:&quot;px&quot;,&quot;size&quot;:&quot;&quot;,&quot;sizes&quot;:[]},&quot;toggle_border_radius_mobile&quot;:{&quot;unit&quot;:&quot;px&quot;,&quot;size&quot;:&quot;&quot;,&quot;sizes&quot;:[]}}\" data-widget_type=\"navigation-menu.default\">\n\t\t\t\t<div class=\"elementor-widget-container\">\n\t\t\t\t\t\t\t\t<div class=\"hfe-nav-menu hfe-layout-expandible hfe-nav-menu-layout expandible\" data-layout=\"expandible\">\n\t\t\t\t<div role=\"button\" class=\"hfe-nav-menu__toggle elementor-clickable\" tabindex=\"0\" aria-label=\"Menu Toggle\">\n\t\t\t\t\t<span class=\"screen-reader-text\">Menu<\/span>\n\t\t\t\t\t<div class=\"hfe-nav-menu-icon\">\n\t\t\t\t\t\t<i aria-hidden=\"true\"  class=\"fas fa-align-justify\"><\/i>\t\t\t\t\t<\/div>\n\t\t\t\t<\/div>\n\t\t\t\t<nav class=\"hfe-dropdown-expandible hfe-nav-menu__layout-expandible hfe-nav-menu__submenu-arrow\" data-toggle-icon=\"&lt;i aria-hidden=&quot;true&quot; tabindex=&quot;0&quot; class=&quot;fas fa-align-justify&quot;&gt;&lt;\/i&gt;\" data-close-icon=\"&lt;i aria-hidden=&quot;true&quot; tabindex=&quot;0&quot; class=&quot;far fa-window-close&quot;&gt;&lt;\/i&gt;\" data-full-width=\"yes\">\n\t\t\t\t\t<ul id=\"menu-1-bf520da\" class=\"hfe-nav-menu\"><li id=\"menu-item-993\" class=\"menu-item menu-item-type-post_type menu-item-object-page menu-item-home parent hfe-creative-menu\"><a href=\"https:\/\/academiaclassical.com.mx\/\" class = \"hfe-menu-item\">Home<\/a><\/li>\n<li id=\"menu-item-633\" class=\"menu-item menu-item-type-post_type menu-item-object-page parent hfe-creative-menu\"><a href=\"https:\/\/academiaclassical.com.mx\/index.php\/sistema-de-ensenanza\/\" class = \"hfe-menu-item\">Sistema de ense\u00f1anza<\/a><\/li>\n<li id=\"menu-item-418\" class=\"menu-item menu-item-type-post_type menu-item-object-page parent hfe-creative-menu\"><a title=\"\t\t\t\t\t\t\" href=\"https:\/\/academiaclassical.com.mx\/index.php\/contact\/\" class = \"hfe-menu-item\">Contacto<\/a><\/li>\n<\/ul> \n\t\t\t\t<\/nav>\n\t\t\t<\/div>\n\t\t\t\t\t\t\t<\/div>\n\t\t\t\t<\/div>\n\t\t\t\t<div class=\"elementor-element elementor-element-1dca66c4 elementor-widget-divider--view-line elementor-widget elementor-widget-divider\" data-id=\"1dca66c4\" data-element_type=\"widget\" data-e-type=\"widget\" data-widget_type=\"divider.default\">\n\t\t\t\t<div class=\"elementor-widget-container\">\n\t\t\t\t\t\t\t<div class=\"elementor-divider\">\n\t\t\t<span class=\"elementor-divider-separator\">\n\t\t\t\t\t\t<\/span>\n\t\t<\/div>\n\t\t\t\t\t\t<\/div>\n\t\t\t\t<\/div>\n\t\t\t\t<div class=\"elementor-element elementor-element-253d822f elementor-widget elementor-widget-heading\" data-id=\"253d822f\" data-element_type=\"widget\" data-e-type=\"widget\" data-widget_type=\"heading.default\">\n\t\t\t\t<div class=\"elementor-widget-container\">\n\t\t\t\t\t<h2 class=\"elementor-heading-title elementor-size-default\">Royal Academy of Dance<\/h2>\t\t\t\t<\/div>\n\t\t\t\t<\/div>\n\t\t\t\t\t<\/div>\n\t\t<\/div>\n\t\t\t\t\t<\/div>\n\t\t<\/section>\n\t\t\t\t<section class=\"elementor-section elementor-top-section elementor-element elementor-element-758d8c04 elementor-section-content-middle elementor-section-boxed elementor-section-height-default elementor-section-height-default\" data-id=\"758d8c04\" data-element_type=\"section\" data-e-type=\"section\">\n\t\t\t\t\t\t<div class=\"elementor-container elementor-column-gap-wide\">\n\t\t\t\t\t<div class=\"elementor-column elementor-col-33 elementor-top-column elementor-element elementor-element-43ba58ae\" data-id=\"43ba58ae\" data-element_type=\"column\" data-e-type=\"column\">\n\t\t\t<div class=\"elementor-widget-wrap elementor-element-populated\">\n\t\t\t\t\t\t<div class=\"elementor-element elementor-element-82f9958 elementor-widget elementor-widget-image\" data-id=\"82f9958\" data-element_type=\"widget\" data-e-type=\"widget\" data-widget_type=\"image.default\">\n\t\t\t\t<div class=\"elementor-widget-container\">\n\t\t\t\t\t\t\t\t\t\t\t\t\t\t\t<img fetchpriority=\"high\" decoding=\"async\" width=\"1300\" height=\"2048\" src=\"https:\/\/academiaclassical.com.mx\/wp-content\/uploads\/2020\/08\/117915208_339924700514248_2528419602058402250_n.jpg\" class=\"attachment-2048x2048 size-2048x2048 wp-image-995\" alt=\"\" srcset=\"https:\/\/academiaclassical.com.mx\/wp-content\/uploads\/2020\/08\/117915208_339924700514248_2528419602058402250_n.jpg 1300w, https:\/\/academiaclassical.com.mx\/wp-content\/uploads\/2020\/08\/117915208_339924700514248_2528419602058402250_n-190x300.jpg 190w, https:\/\/academiaclassical.com.mx\/wp-content\/uploads\/2020\/08\/117915208_339924700514248_2528419602058402250_n-650x1024.jpg 650w, https:\/\/academiaclassical.com.mx\/wp-content\/uploads\/2020\/08\/117915208_339924700514248_2528419602058402250_n-768x1210.jpg 768w, https:\/\/academiaclassical.com.mx\/wp-content\/uploads\/2020\/08\/117915208_339924700514248_2528419602058402250_n-975x1536.jpg 975w, https:\/\/academiaclassical.com.mx\/wp-content\/uploads\/2020\/08\/117915208_339924700514248_2528419602058402250_n-600x945.jpg 600w\" sizes=\"(max-width: 1300px) 100vw, 1300px\" \/>\t\t\t\t\t\t\t\t\t\t\t\t\t\t\t<\/div>\n\t\t\t\t<\/div>\n\t\t\t\t\t<\/div>\n\t\t<\/div>\n\t\t\t\t<div class=\"elementor-column elementor-col-66 elementor-top-column elementor-element elementor-element-15249d1d\" data-id=\"15249d1d\" data-element_type=\"column\" data-e-type=\"column\">\n\t\t\t<div class=\"elementor-widget-wrap elementor-element-populated\">\n\t\t\t\t\t\t<div class=\"elementor-element elementor-element-13a9b180 elementor-widget elementor-widget-text-editor\" data-id=\"13a9b180\" data-element_type=\"widget\" data-e-type=\"widget\" data-widget_type=\"text-editor.default\">\n\t\t\t\t<div class=\"elementor-widget-container\">\n\t\t\t\t\t\t\t\t\t<p style=\"text-align: justify;\"><span style=\"color: #000000;\">En 1920, cinco de las figuras m\u00e1s importantes del mundo de la Danza: Adeline Gen\u00e9e, Tamara Karsavina, Lucia Cormani, Edouard Espinosa y Phillis Bedells, que a su vez representaban los principales m\u00e9todos de ense\u00f1anza del momento, exactamente el 31 de Diciembre de 1920, decidieron crear una Asociaci\u00f3n de Profesores de Danza con el \u00fanico objetivo de \u201cmejorar el standard de la ense\u00f1anza del Ballet Cl\u00e1sico\u201d. Efectivamente despu\u00e9s de la primera guerra mundial el mundo de la Danza se perd\u00eda entre falta de medios y diversidad de opiniones. Siguiendo el modelo de L\u2019 Academie Royal de Danse, fundada en Par\u00eds por Lu\u00eds XIV, con el objetivo de corregir los m\u00faltiples errores que se daban en la danza en aquella \u00e9poca, la\u00a0ROYAL ACADEMY OF DANCE\u00a0ha venido actuando en dos sentidos: uno el anteriormente citado y otro como cuidadora de la t\u00e9cnica fundamental del arte de la danza.<br \/><\/span><span style=\"color: #000000;\">El inter\u00e9s principal de la\u00a0ROYAL ACADEMY OF DANCE\u00a0es que su t\u00e9cnica y su tradicional integridad permanezcan intactas. En 1928 la Reina Mary acept\u00f3 la invitaci\u00f3n de ser la Real Patrona de esta instituci\u00f3n, patronazgo que ostenta en la actualidad la Reina Isabel II. No obstante, a pesar de haber nacido en el Reino Unido, la Royal Academy of Dance trabaja en cincuenta pa\u00edses, es el organismo reconocido que m\u00e1s alumnos examina alrededor del mundo, y est\u00e1 internacionalmente aceptado\u00a0como uno de los m\u00e1s altos niveles en la ense\u00f1anza de la t\u00e9cnica de la Danza.<br \/><\/span><span style=\"color: #000000;\">Las prioridades de la Academy no son solamente mantener estos altos niveles, sino tambi\u00e9n mejorarlos y actualizarlos. Los j\u00f3venes estudiantes, quienes\u00a0representan el futuro de la Danza, deben ser ense\u00f1ados correctamente y de acuerdo con sus edades. Los cuerpos a\u00fan sin formar de los ni\u00f1os deben protegerse del da\u00f1o que podr\u00eda causarles una mala ense\u00f1anza.\u00a0<\/span><\/p>\t\t\t\t\t\t\t\t<\/div>\n\t\t\t\t<\/div>\n\t\t\t\t\t<\/div>\n\t\t<\/div>\n\t\t\t\t\t<\/div>\n\t\t<\/section>\n\t\t\t\t<section class=\"elementor-section elementor-top-section elementor-element elementor-element-16793481 elementor-section-height-min-height elementor-section-items-stretch elementor-section-content-middle elementor-section-boxed elementor-section-height-default\" data-id=\"16793481\" data-element_type=\"section\" data-e-type=\"section\" data-settings=\"{&quot;background_background&quot;:&quot;gradient&quot;,&quot;shape_divider_bottom&quot;:&quot;curve&quot;,&quot;shape_divider_top&quot;:&quot;tilt&quot;}\">\n\t\t\t\t\t\t\t<div class=\"elementor-background-overlay\"><\/div>\n\t\t\t\t\t\t<div class=\"elementor-shape elementor-shape-top\" aria-hidden=\"true\" data-negative=\"false\">\n\t\t\t<svg xmlns=\"http:\/\/www.w3.org\/2000\/svg\" viewBox=\"0 0 1000 100\" preserveAspectRatio=\"none\">\n\t<path class=\"elementor-shape-fill\" d=\"M0,6V0h1000v100L0,6z\"\/>\n<\/svg>\t\t<\/div>\n\t\t\t\t<div class=\"elementor-shape elementor-shape-bottom\" aria-hidden=\"true\" data-negative=\"false\">\n\t\t\t<svg xmlns=\"http:\/\/www.w3.org\/2000\/svg\" viewBox=\"0 0 1000 100\" preserveAspectRatio=\"none\">\n    <path class=\"elementor-shape-fill\" d=\"M1000,4.3V0H0v4.3C0.9,23.1,126.7,99.2,500,100S1000,22.7,1000,4.3z\"\/>\n<\/svg>\t\t<\/div>\n\t\t\t\t\t<div class=\"elementor-container elementor-column-gap-wide\">\n\t\t\t\t\t<div class=\"elementor-column elementor-col-100 elementor-top-column elementor-element elementor-element-14115da3\" data-id=\"14115da3\" data-element_type=\"column\" data-e-type=\"column\">\n\t\t\t<div class=\"elementor-widget-wrap elementor-element-populated\">\n\t\t\t\t\t\t<div class=\"elementor-element elementor-element-29baaefc elementor-widget elementor-widget-heading\" data-id=\"29baaefc\" data-element_type=\"widget\" data-e-type=\"widget\" data-widget_type=\"heading.default\">\n\t\t\t\t<div class=\"elementor-widget-container\">\n\t\t\t\t\t<h2 class=\"elementor-heading-title elementor-size-default\"><b>Niveles de Estudio<\/b><\/h2>\t\t\t\t<\/div>\n\t\t\t\t<\/div>\n\t\t\t\t<div class=\"elementor-element elementor-element-3f6f62b0 elementor-widget-divider--view-line elementor-widget elementor-widget-divider\" data-id=\"3f6f62b0\" data-element_type=\"widget\" data-e-type=\"widget\" data-widget_type=\"divider.default\">\n\t\t\t\t<div class=\"elementor-widget-container\">\n\t\t\t\t\t\t\t<div class=\"elementor-divider\">\n\t\t\t<span class=\"elementor-divider-separator\">\n\t\t\t\t\t\t<\/span>\n\t\t<\/div>\n\t\t\t\t\t\t<\/div>\n\t\t\t\t<\/div>\n\t\t\t\t<div class=\"elementor-element elementor-element-29bdfd1d elementor-widget elementor-widget-text-editor\" data-id=\"29bdfd1d\" data-element_type=\"widget\" data-e-type=\"widget\" data-widget_type=\"text-editor.default\">\n\t\t\t\t<div class=\"elementor-widget-container\">\n\t\t\t\t\t\t\t\t\t<h3 style=\"text-align: justify;\">PRESCHOOL DANCE CURRICULUM<\/h3>\n<p style=\"font-size: 17px; text-align: justify;\"><span style=\"color: #000000;\">Desarrolla habilidades b\u00e1sicas del movimiento, conciencia musical, expresi\u00f3n y creatividad. Prepara al estudiante para el nivel Pre-Primary. Edades de 2 1\/2 a 5 a\u00f1os.<\/span><\/p>\n<p style=\"text-align: justify;\">\n<\/p><h3 style=\"text-align: justify;\">PRE-PRIMARY y PRIMARY<\/h3>\n<p style=\"font-size: 17px; text-align: justify;\"><span style=\"color: #000000;\">Desarrolla en los estudiantes habilidades f\u00edsicas, resistencia, creatividad, expresi\u00f3n y musicalidad, usando una variedad de sonidos y estilos musicales. \u00c9stos fuertes cimientos preparan al estudiante para la t\u00e9cnica cl\u00e1sica. Edades de 5 a 9 a\u00f1os.<\/span><\/p>\n<p style=\"text-align: justify;\">\n<\/p><h3 style=\"text-align: justify;\">GRADOS DE 1\u00b0 A 8\u00b0 AWARD<\/h3>\n<p style=\"font-size: 17px; text-align: justify;\"><span style=\"color: #000000;\">Proporcionan progresivamente una amplia educaci\u00f3n en danza, desarrollando las habilidades t\u00e9cnicas, musicales e interpretativas del estudiante. Edades de 7 en adelante.<\/span><\/p>\n<p style=\"text-align: justify;\">\n<\/p><h3 style=\"text-align: justify;\">GRADOS VOCACIONALES<\/h3>\n<p style=\"font-size: 17px; text-align: justify;\"><span style=\"color: #000000;\">Proporcionan un estudio profundo del Ballet Cl\u00e1sico, desarrollando la t\u00e9cnica, musicalidad&nbsp;y habilidades interpretativas del estudiante. \u00c9ste alto enfoque y entrenamiento preparan al estudiante para una carrera en danza.<\/span><\/p>\n<h3 style=\"font-style: normal; text-align: justify;\"><span style=\"background-color: transparent;\">Clases de ballet para adultos y adultos mayores<\/span><\/h3>\n<h4 style=\"font-style: normal; text-align: justify;\"><span style=\"font-size: 17px; font-weight: 400;\">\u00a1Nunca es tarde para comenzar! Se ha descubierto en los \u00faltimos a\u00f1os los m\u00faltiples beneficios de practicar ballet en la edad adulta, ya que puede ayudar en la prevenci\u00f3n y\/o tratamiento de enfermedades neuro-degenerativas, cardiovasculares, diabetes, entre otras y a mejorar el bienestar f\u00edsico, psicol\u00f3gico y emocional.<\/span><\/h4>\t\t\t\t\t\t\t\t<\/div>\n\t\t\t\t<\/div>\n\t\t\t\t\t<\/div>\n\t\t<\/div>\n\t\t\t\t\t<\/div>\n\t\t<\/section>\n\t\t\t\t<\/div>\n\t\t","protected":false},"excerpt":{"rendered":"<p>Home Sistema de ense\u00f1anza Contacto Royal Academy of Dance En 1920, cinco de las figuras m\u00e1s importantes del mundo de la Danza: Adeline Gen\u00e9e, Tamara Karsavina, Lucia Cormani, Edouard Espinosa y Phillis Bedells, que a su vez representaban los principales m\u00e9todos de ense\u00f1anza del momento, exactamente el 31 de Diciembre de 1920, decidieron crear una [&hellip;]<\/p>\n","protected":false},"author":1,"featured_media":0,"parent":0,"menu_order":0,"comment_status":"closed","ping_status":"closed","template":"elementor_header_footer","meta":{"footnotes":""},"class_list":["post-621","page","type-page","status-publish","hentry"],"_links":{"self":[{"href":"https:\/\/academiaclassical.com.mx\/index.php\/wp-json\/wp\/v2\/pages\/621","targetHints":{"allow":["GET"]}}],"collection":[{"href":"https:\/\/academiaclassical.com.mx\/index.php\/wp-json\/wp\/v2\/pages"}],"about":[{"href":"https:\/\/academiaclassical.com.mx\/index.php\/wp-json\/wp\/v2\/types\/page"}],"author":[{"embeddable":true,"href":"https:\/\/academiaclassical.com.mx\/index.php\/wp-json\/wp\/v2\/users\/1"}],"replies":[{"embeddable":true,"href":"https:\/\/academiaclassical.com.mx\/index.php\/wp-json\/wp\/v2\/comments?post=621"}],"version-history":[{"count":9,"href":"https:\/\/academiaclassical.com.mx\/index.php\/wp-json\/wp\/v2\/pages\/621\/revisions"}],"predecessor-version":[{"id":1074,"href":"https:\/\/academiaclassical.com.mx\/index.php\/wp-json\/wp\/v2\/pages\/621\/revisions\/1074"}],"wp:attachment":[{"href":"https:\/\/academiaclassical.com.mx\/index.php\/wp-json\/wp\/v2\/media?parent=621"}],"curies":[{"name":"wp","href":"https:\/\/api.w.org\/{rel}","templated":true}]}}